{"id":7,"date":"2021-01-09T16:23:13","date_gmt":"2021-01-09T15:23:13","guid":{"rendered":"http:\/\/ancienshenri4.fr\/?page_id=7"},"modified":"2021-01-11T19:57:52","modified_gmt":"2021-01-11T18:57:52","slug":"a-propos-de","status":"publish","type":"page","link":"https:\/\/ancienshenri4.fr\/index.php\/a-propos-de\/","title":{"rendered":"Association"},"content":{"rendered":"\n<figure class=\"wp-block-image size-large\"><img data-recalc-dims=\"1\" fetchpriority=\"high\" decoding=\"async\" width=\"580\" height=\"160\" src=\"https:\/\/i0.wp.com\/ancienshenri4.fr\/wp-content\/uploads\/2021\/01\/cropped-cropped-DJI_0255-scaled-2-1024x282.jpg?resize=580%2C160\" alt=\"\" class=\"wp-image-66\" srcset=\"https:\/\/i0.wp.com\/ancienshenri4.fr\/wp-content\/uploads\/2021\/01\/cropped-cropped-DJI_0255-scaled-2.jpg?resize=1024%2C282&amp;ssl=1 1024w, https:\/\/i0.wp.com\/ancienshenri4.fr\/wp-content\/uploads\/2021\/01\/cropped-cropped-DJI_0255-scaled-2.jpg?resize=300%2C83&amp;ssl=1 300w, https:\/\/i0.wp.com\/ancienshenri4.fr\/wp-content\/uploads\/2021\/01\/cropped-cropped-DJI_0255-scaled-2.jpg?resize=768%2C211&amp;ssl=1 768w, https:\/\/i0.wp.com\/ancienshenri4.fr\/wp-content\/uploads\/2021\/01\/cropped-cropped-DJI_0255-scaled-2.jpg?resize=1536%2C422&amp;ssl=1 1536w, https:\/\/i0.wp.com\/ancienshenri4.fr\/wp-content\/uploads\/2021\/01\/cropped-cropped-DJI_0255-scaled-2.jpg?w=2000&amp;ssl=1 2000w, https:\/\/i0.wp.com\/ancienshenri4.fr\/wp-content\/uploads\/2021\/01\/cropped-cropped-DJI_0255-scaled-2.jpg?w=1160&amp;ssl=1 1160w, https:\/\/i0.wp.com\/ancienshenri4.fr\/wp-content\/uploads\/2021\/01\/cropped-cropped-DJI_0255-scaled-2.jpg?w=1740&amp;ssl=1 1740w\" sizes=\"(max-width: 580px) 100vw, 580px\" \/><\/figure>\n\n\n\n<div class=\"wp-block-group\"><div class=\"wp-block-group__inner-container is-layout-flow wp-block-group-is-layout-flow\">\n<div class=\"wp-block-columns is-layout-flex wp-container-core-columns-is-layout-1 wp-block-columns-is-layout-flex\">\n<div class=\"wp-block-column is-layout-flow wp-block-column-is-layout-flow\" style=\"flex-basis:100%\">\n<p class=\"has-background-color has-accent-background-color has-text-color has-background\">Ce site est con\u00e7u pour l&rsquo;association des anciens \u00e9l\u00e8ves du coll\u00e8ge et lyc\u00e9e Henri IV de B\u00e9ziers.<\/p>\n<\/div>\n<\/div>\n\n\n\n<p><\/p>\n<\/div><\/div>\n","protected":false},"excerpt":{"rendered":"<p>Ce site est con\u00e7u pour l&rsquo;association des anciens \u00e9l\u00e8ves du coll\u00e8ge et lyc\u00e9e Henri IV de B\u00e9ziers.<\/p>\n","protected":false},"author":1,"featured_media":0,"parent":0,"menu_order":0,"comment_status":"closed","ping_status":"closed","template":"","meta":{"jetpack_post_was_ever_published":false,"footnotes":""},"class_list":["post-7","page","type-page","status-publish","hentry"],"jetpack_sharing_enabled":true,"_links":{"self":[{"href":"https:\/\/ancienshenri4.fr\/index.php\/wp-json\/wp\/v2\/pages\/7","targetHints":{"allow":["GET"]}}],"collection":[{"href":"https:\/\/ancienshenri4.fr\/index.php\/wp-json\/wp\/v2\/pages"}],"about":[{"href":"https:\/\/ancienshenri4.fr\/index.php\/wp-json\/wp\/v2\/types\/page"}],"author":[{"embeddable":true,"href":"https:\/\/ancienshenri4.fr\/index.php\/wp-json\/wp\/v2\/users\/1"}],"replies":[{"embeddable":true,"href":"https:\/\/ancienshenri4.fr\/index.php\/wp-json\/wp\/v2\/comments?post=7"}],"version-history":[{"count":6,"href":"https:\/\/ancienshenri4.fr\/index.php\/wp-json\/wp\/v2\/pages\/7\/revisions"}],"predecessor-version":[{"id":70,"href":"https:\/\/ancienshenri4.fr\/index.php\/wp-json\/wp\/v2\/pages\/7\/revisions\/70"}],"wp:attachment":[{"href":"https:\/\/ancienshenri4.fr\/index.php\/wp-json\/wp\/v2\/media?parent=7"}],"curies":[{"name":"wp","href":"https:\/\/api.w.org\/{rel}","templated":true}]}}