{"id":1320,"date":"2024-08-24T12:04:05","date_gmt":"2024-08-24T10:04:05","guid":{"rendered":"https:\/\/ancienshenri4.fr\/?page_id=1320"},"modified":"2024-08-24T12:36:26","modified_gmt":"2024-08-24T10:36:26","slug":"etre-eleve-a-henri-iv-dans-les-annees-60","status":"publish","type":"page","link":"https:\/\/ancienshenri4.fr\/index.php\/etre-eleve-a-henri-iv-dans-les-annees-60\/","title":{"rendered":"Etre interne \u00e0 Henri IV dans les ann\u00e9es 60"},"content":{"rendered":"\t\t<div data-elementor-type=\"wp-page\" data-elementor-id=\"1320\" class=\"elementor elementor-1320\">\n\t\t\t\t\t\t<section class=\"elementor-section elementor-top-section elementor-element elementor-element-da3148a elementor-section-boxed elementor-section-height-default elementor-section-height-default\" data-id=\"da3148a\" data-element_type=\"section\" data-e-type=\"section\">\n\t\t\t\t\t\t<div class=\"elementor-container elementor-column-gap-default\">\n\t\t\t\t\t<div class=\"elementor-column elementor-col-100 elementor-top-column elementor-element elementor-element-2dced41\" data-id=\"2dced41\" data-element_type=\"column\" data-e-type=\"column\">\n\t\t\t<div class=\"elementor-widget-wrap elementor-element-populated\">\n\t\t\t\t\t\t<div class=\"elementor-element elementor-element-cb68ce2 elementor-widget elementor-widget-text-editor\" data-id=\"cb68ce2\" data-element_type=\"widget\" data-e-type=\"widget\" data-widget_type=\"text-editor.default\">\n\t\t\t\t<div class=\"elementor-widget-container\">\n\t\t\t\t\t\t\t\t\t<p><strong>\u00catre \u00a0pensionnaire <\/strong><strong>au \u00a0lyc\u00e9e \u00a0Henri IV <\/strong><strong>\u00a0de \u00a0B\u00e9ziers <\/strong><strong>dans \u00a0les \u00a0ann\u00e9es \u00a01960<\/strong><\/p>\t\t\t\t\t\t\t\t<\/div>\n\t\t\t\t<\/div>\n\t\t\t\t<div class=\"elementor-element elementor-element-b1c2b4b elementor-widget elementor-widget-image\" data-id=\"b1c2b4b\" data-element_type=\"widget\" data-e-type=\"widget\" data-widget_type=\"image.default\">\n\t\t\t\t<div class=\"elementor-widget-container\">\n\t\t\t\t\t\t\t\t\t\t\t\t\t\t\t<img fetchpriority=\"high\" decoding=\"async\" width=\"580\" height=\"295\" src=\"https:\/\/i0.wp.com\/ancienshenri4.fr\/wp-content\/uploads\/2024\/08\/couverture.jpg?fit=580%2C295&amp;ssl=1\" class=\"attachment-large size-large wp-image-1322\" alt=\"\" srcset=\"https:\/\/i0.wp.com\/ancienshenri4.fr\/wp-content\/uploads\/2024\/08\/couverture.jpg?w=648&amp;ssl=1 648w, https:\/\/i0.wp.com\/ancienshenri4.fr\/wp-content\/uploads\/2024\/08\/couverture.jpg?resize=300%2C153&amp;ssl=1 300w\" sizes=\"(max-width: 580px) 100vw, 580px\" \/>\t\t\t\t\t\t\t\t\t\t\t\t\t\t\t<\/div>\n\t\t\t\t<\/div>\n\t\t\t\t<div class=\"elementor-element elementor-element-778e54a elementor-widget elementor-widget-image\" data-id=\"778e54a\" data-element_type=\"widget\" data-e-type=\"widget\" data-widget_type=\"image.default\">\n\t\t\t\t<div class=\"elementor-widget-container\">\n\t\t\t\t\t\t\t\t\t\t\t\t\t\t\t<img decoding=\"async\" width=\"125\" height=\"123\" src=\"https:\/\/i0.wp.com\/ancienshenri4.fr\/wp-content\/uploads\/2024\/08\/logo.jpg?fit=125%2C123&amp;ssl=1\" class=\"attachment-large size-large wp-image-1323\" alt=\"\" \/>\t\t\t\t\t\t\t\t\t\t\t\t\t\t\t<\/div>\n\t\t\t\t<\/div>\n\t\t\t\t<div class=\"elementor-element elementor-element-7a79949 elementor-widget elementor-widget-text-editor\" data-id=\"7a79949\" data-element_type=\"widget\" data-e-type=\"widget\" data-widget_type=\"text-editor.default\">\n\t\t\t\t<div class=\"elementor-widget-container\">\n\t\t\t\t\t\t\t\t\t<p><strong>2024<\/strong><\/p><p><strong>A<\/strong><strong>micale des <\/strong><strong>A<\/strong><strong>nciens \u00e9l\u00e8ves du Lyc\u00e9e <\/strong><strong>H<\/strong><strong>enri <\/strong><strong>IV<\/strong><\/p>\t\t\t\t\t\t\t\t<\/div>\n\t\t\t\t<\/div>\n\t\t\t\t\t<\/div>\n\t\t<\/div>\n\t\t\t\t\t<\/div>\n\t\t<\/section>\n\t\t\t\t<\/div>\n\t\t","protected":false},"excerpt":{"rendered":"<p>\u00catre \u00a0pensionnaire au \u00a0lyc\u00e9e \u00a0Henri IV \u00a0de \u00a0B\u00e9ziers dans \u00a0les \u00a0ann\u00e9es \u00a01960 2024 Amicale des Anciens \u00e9l\u00e8ves du Lyc\u00e9e Henri IV<\/p>\n","protected":false},"author":1,"featured_media":0,"parent":0,"menu_order":0,"comment_status":"closed","ping_status":"closed","template":"","meta":{"jetpack_post_was_ever_published":false,"footnotes":""},"class_list":["post-1320","page","type-page","status-publish","hentry"],"jetpack_sharing_enabled":true,"_links":{"self":[{"href":"https:\/\/ancienshenri4.fr\/index.php\/wp-json\/wp\/v2\/pages\/1320","targetHints":{"allow":["GET"]}}],"collection":[{"href":"https:\/\/ancienshenri4.fr\/index.php\/wp-json\/wp\/v2\/pages"}],"about":[{"href":"https:\/\/ancienshenri4.fr\/index.php\/wp-json\/wp\/v2\/types\/page"}],"author":[{"embeddable":true,"href":"https:\/\/ancienshenri4.fr\/index.php\/wp-json\/wp\/v2\/users\/1"}],"replies":[{"embeddable":true,"href":"https:\/\/ancienshenri4.fr\/index.php\/wp-json\/wp\/v2\/comments?post=1320"}],"version-history":[{"count":5,"href":"https:\/\/ancienshenri4.fr\/index.php\/wp-json\/wp\/v2\/pages\/1320\/revisions"}],"predecessor-version":[{"id":1338,"href":"https:\/\/ancienshenri4.fr\/index.php\/wp-json\/wp\/v2\/pages\/1320\/revisions\/1338"}],"wp:attachment":[{"href":"https:\/\/ancienshenri4.fr\/index.php\/wp-json\/wp\/v2\/media?parent=1320"}],"curies":[{"name":"wp","href":"https:\/\/api.w.org\/{rel}","templated":true}]}}